{"id":133,"date":"2015-03-20T11:18:37","date_gmt":"2015-03-20T09:18:37","guid":{"rendered":"http:\/\/www.terapiaultramed.ro\/?page_id=133"},"modified":"2020-04-01T20:13:08","modified_gmt":"2020-04-01T17:13:08","slug":"terapie","status":"publish","type":"page","link":"http:\/\/www.terapiaultramed.ro\/?page_id=133","title":{"rendered":"Terapie"},"content":{"rendered":"\n<p> Tratamentul cu\u00a0aparatul Mora Nova, este personalizat pentru fiecare pacient \u00een parte, \u00een func\u021bie de nivelul energetic, v\u00e2rst\u0103 \u015fi patologiile existente, astfel trateaza: <\/p>\n\n\n\n<ul class=\"wp-block-list\"><li>durearea func\u021bional\u0103 a sistemului musculo-scheletal<\/li><li>reumatism<\/li><li>dureri articulare<\/li><li>dureri de cap, migrene<\/li><li>nevralgii, neuropatii<\/li><li>durerea ca simptom \u00een multe boli<\/li><li>alergii sau intoleran\u021be alimentare: rinite, eczema, urticarie, alergie la polen sau diversi alergeni<\/li><li>boli obstructive ale c\u0103ilor aeriene: astm bronsic, bronsit\u0103 cronic\u0103 \/ acut\u0103, bronsit\u0103 spastic\u0103<\/li><li>tulbur\u0103ri func\u021bionale gastrointestinale<\/li><li>afec\u021biuni hepatice<\/li><li>renuntarea la fumat<\/li><li>infec\u021bii \/ inflam\u021bii<\/li><li>dezechilibre acido bazice<\/li><li>lipsa de energie \/ oboseala<\/li><li>\u00eenfrumusetare: atenuarea ridurilor, stoparea c\u0103derii p\u0103rului<\/li><li>tratatea acneei<\/li><li>dezechilibre hormonale<\/li><li>detoxifierea organismului<\/li><li>detoxifierea de metale grele<\/li><li>zona zoster<\/li><li>cre\u015fterea imunit\u0103\u0163ii<\/li><li>insomnie<\/li><li>stres<\/li><li>osteoporoz\u0103<\/li><li>dismenoree, metroragii, bufeuri la menopauz\u0103<\/li><li>cicatrici<\/li><li>sinuzite, otite, amigdalite<\/li><li>varice, tromboflebite<\/li><li>veruci<\/li><\/ul>\n","protected":false},"excerpt":{"rendered":"<p>Tratamentul cu\u00a0aparatul Mora Nova, este personalizat pentru fiecare pacient \u00een parte, \u00een func\u021bie de nivelul energetic, v\u00e2rst\u0103 \u015fi patologiile existente, astfel trateaza: durearea func\u021bional\u0103 a sistemului musculo-scheletal reumatism dureri articulare dureri de cap, migrene nevralgii, neuropatii durerea ca simptom \u00een multe boli alergii sau intoleran\u021be alimentare: rinite, eczema, urticarie, alergie la polen sau diversi alergeni&hellip;<\/p>\n","protected":false},"author":1,"featured_media":0,"parent":0,"menu_order":5,"comment_status":"open","ping_status":"closed","template":"","meta":{"footnotes":""},"class_list":["post-133","page","type-page","status-publish","hentry"],"_links":{"self":[{"href":"http:\/\/www.terapiaultramed.ro\/index.php?rest_route=\/wp\/v2\/pages\/133","targetHints":{"allow":["GET"]}}],"collection":[{"href":"http:\/\/www.terapiaultramed.ro\/index.php?rest_route=\/wp\/v2\/pages"}],"about":[{"href":"http:\/\/www.terapiaultramed.ro\/index.php?rest_route=\/wp\/v2\/types\/page"}],"author":[{"embeddable":true,"href":"http:\/\/www.terapiaultramed.ro\/index.php?rest_route=\/wp\/v2\/users\/1"}],"replies":[{"embeddable":true,"href":"http:\/\/www.terapiaultramed.ro\/index.php?rest_route=%2Fwp%2Fv2%2Fcomments&post=133"}],"version-history":[{"count":6,"href":"http:\/\/www.terapiaultramed.ro\/index.php?rest_route=\/wp\/v2\/pages\/133\/revisions"}],"predecessor-version":[{"id":247,"href":"http:\/\/www.terapiaultramed.ro\/index.php?rest_route=\/wp\/v2\/pages\/133\/revisions\/247"}],"wp:attachment":[{"href":"http:\/\/www.terapiaultramed.ro\/index.php?rest_route=%2Fwp%2Fv2%2Fmedia&parent=133"}],"curies":[{"name":"wp","href":"https:\/\/api.w.org\/{rel}","templated":true}]}}