{"id":135,"date":"2015-03-20T11:20:14","date_gmt":"2015-03-20T09:20:14","guid":{"rendered":"http:\/\/www.terapiaultramed.ro\/?page_id=135"},"modified":"2020-04-01T20:12:26","modified_gmt":"2020-04-01T17:12:26","slug":"alergeni","status":"publish","type":"page","link":"http:\/\/www.terapiaultramed.ro\/?page_id=135","title":{"rendered":"Alergii"},"content":{"rendered":"\n<p>Alergia are la baz\u0103 reac\u0163ia antigen-anticorp. Aceasta se manifest\u0103 prin simptome diferite provocate printr-un mecanism imunologic, ca urmare a expunerii la un alergen bine determinat.<\/p>\n\n\n\n<p>Alergenii sunt numi\u0163i \u015fi antigeni, provoac\u00e2nd reac\u0163ii alergice \u00een contact cu corpul uman stimul\u00e2nd produc\u0163ia de anticorpi.<\/p>\n\n\n\n<p>Dac\u0103 un individ normal, se expune la contacte repetate cu un alergen, poate forma anticorpi, devenind, astfel, alergic.<\/p>\n\n\n\n<p>O serie de substan\u0163e chimice, pot deveni alergeni dup\u0103 expunerea la concentra\u0163ii mari, \u00een perioade repetate de timp, de exemplu: aspirina, procaina, penicilina, formaldehida, r\u0103\u015fini, nichel, cobalt, unele din ele fiind \u00eencriminate \u00een dermatita de contact sau \u00een astmul bron\u015fic.<\/p>\n\n\n\n<p>Aparatul Mora Nova testeaz\u0103 peste 2000 de alergeni \u015fi intoleran\u0163ele alimentare, chiar \u015fi la copii. C\u00e2teva dintre acestea sunt:<\/p>\n\n\n\n<ul class=\"wp-block-list\"><li> Albu\u015f de ou, g\u0103lbenu\u015f de ou<\/li><li>Amalgam, histamin\u0103, latex, \u0163ig\u0103ri<\/li><li>Lapte \u015fi produse din lapte<\/li><li>Fain\u0103 de gr\u00e2u, secar\u0103, gluten din orz, gluten din fain\u0103 de gr\u00e2u, drojdie<\/li><li>Cereale<\/li><li>Fructe<\/li><li>Legume<\/li><li>Ciuperci<\/li><li>Nuci, semin\u0163e<\/li><li>Zah\u0103r, \u00eendulcitori: lactoz\u0103, sorbitol, etc.<\/li><li>C\u0103rnuri<\/li><li>O\u0163eturi, uleiuri<\/li><li>Unt, margarin\u0103, gr\u0103sime pr\u0103jit\u0103<\/li><li>Produse de soia<\/li><li>B\u0103uturi alcoolice<\/li><li>B\u0103uturi nealcoolice<\/li><li>Condimente \u015fi plante aromatice<\/li><li>Aditivi alimentari: coloran\u0163i, conservan\u0163i, antioxidan\u0163i, emulsificatori, intensificatori de gust, aromatizan\u0163i, aspirin\u0103, pectin\u0103 din m\u0103r, aspartam, praf de copt, chinin\u0103, oxid de crom, nitrat de cobalt, ciclamat, gelatin\u0103, gum\u0103 arabic\u0103, bromat de potasiu, amidon din cartofi, cofein\u0103, amidon de porumb, florur\u0103 de sodiu, iodur\u0103 de sodiu, sulfat de nichel, parafin\u0103, fenol, feniletilamin\u0103, fosfa\u0163i, agen\u0163i de conservare, zaharin\u0103, acid salicilic, serotonin\u0103, lemn dulce-liquorice, taurin\u0103, tiramin\u0103, acid tartric, acid citric, etc<\/li><li>Polenuri<\/li><li>Acarieni \u015fi insecte<\/li><li>P\u0103r de animale<\/li><li>Pesticide<\/li><li>Compu\u015fi chimici \u015fi substan\u0163e toxice din mediu \u00eenconjur\u0103tor<\/li><li>Diluan\u0163i<\/li><li>Lemne, fibre vegetale<\/li><li>Substan\u0163e de protec\u0163ie solar\u0103<\/li><li>Fotoalergeni<\/li><li>Vaccinuri<\/li><li>Articole de uz casnic, produse cosmetice, baze de unguente, emulsii<\/li><li>Textile, fibre naturale \u015fi sintetice<\/li><li>Agen\u0163i de sp\u0103lare<\/li><li>Farmaceutice: analgezice, antireumatice, antibiotice, antiseptice, antimicotice<\/li><li>Mucegaiuri<\/li><li>Etc.<\/li><\/ul>\n","protected":false},"excerpt":{"rendered":"<p>Alergia are la baz\u0103 reac\u0163ia antigen-anticorp. Aceasta se manifest\u0103 prin simptome diferite provocate printr-un mecanism imunologic, ca urmare a expunerii la un alergen bine determinat. Alergenii sunt numi\u0163i \u015fi antigeni, provoac\u00e2nd reac\u0163ii alergice \u00een contact cu corpul uman stimul\u00e2nd produc\u0163ia de anticorpi. Dac\u0103 un individ normal, se expune la contacte repetate cu un alergen, poate&hellip;<\/p>\n","protected":false},"author":1,"featured_media":0,"parent":0,"menu_order":5,"comment_status":"open","ping_status":"closed","template":"","meta":{"footnotes":""},"class_list":["post-135","page","type-page","status-publish","hentry"],"_links":{"self":[{"href":"http:\/\/www.terapiaultramed.ro\/index.php?rest_route=\/wp\/v2\/pages\/135","targetHints":{"allow":["GET"]}}],"collection":[{"href":"http:\/\/www.terapiaultramed.ro\/index.php?rest_route=\/wp\/v2\/pages"}],"about":[{"href":"http:\/\/www.terapiaultramed.ro\/index.php?rest_route=\/wp\/v2\/types\/page"}],"author":[{"embeddable":true,"href":"http:\/\/www.terapiaultramed.ro\/index.php?rest_route=\/wp\/v2\/users\/1"}],"replies":[{"embeddable":true,"href":"http:\/\/www.terapiaultramed.ro\/index.php?rest_route=%2Fwp%2Fv2%2Fcomments&post=135"}],"version-history":[{"count":22,"href":"http:\/\/www.terapiaultramed.ro\/index.php?rest_route=\/wp\/v2\/pages\/135\/revisions"}],"predecessor-version":[{"id":246,"href":"http:\/\/www.terapiaultramed.ro\/index.php?rest_route=\/wp\/v2\/pages\/135\/revisions\/246"}],"wp:attachment":[{"href":"http:\/\/www.terapiaultramed.ro\/index.php?rest_route=%2Fwp%2Fv2%2Fmedia&parent=135"}],"curies":[{"name":"wp","href":"https:\/\/api.w.org\/{rel}","templated":true}]}}