{"id":34,"date":"2015-02-20T20:48:42","date_gmt":"2015-02-20T18:48:42","guid":{"rendered":"http:\/\/www.terapiaultramed.ro\/?page_id=34"},"modified":"2026-01-28T22:11:43","modified_gmt":"2026-01-28T20:11:43","slug":"aparatul-mora-nova","status":"publish","type":"page","link":"http:\/\/www.terapiaultramed.ro\/?page_id=34","title":{"rendered":"Aparatul Mora Nova"},"content":{"rendered":"\n<p>Aparatul Mora Nova, capteaz\u0103 oscila\u0163iile electromagnetice ale pacientului \u015fi le retransmite corpului uman, restabilind procesele fiziologice perturbate.<\/p>\n\n\n\n<p>Principiul func\u021bion\u0103rii:<\/p>\n\n\n\n<ul class=\"wp-block-list\">\n<li>biorezonan\u021ba se bazeaz\u0103 pe natura vibratoare a fiin\u021belor vii;<\/li>\n\n\n\n<li>organismul uman are un spectru unic de oscila\u021bii electromagnetice ultrafine, care pot fi sesizate \u0219i procesate medical prin intermediul aparatului Mora Nova;<\/li>\n\n\n\n<li>c\u00e2nd organismul se \u00eemboln\u0103ve\u0219te, apar oscila\u021biile patologice, care deterioreaz\u0103 echilibrul fiziologic al sistemului cibernetic de reglare, dup\u0103 care apar semnele clinice ale bolilor;<\/li>\n\n\n\n<li>astfel, \u00een procesul terapeutic, printr-o transformare a propriilor imagini-oglind\u0103, toate oscila\u021biile d\u0103unatoare dispar sau se reduc \u0219i se intensific\u0103 cele fiziologice;<\/li>\n<\/ul>\n\n\n\n<h2 class=\"wp-block-heading\">Descrierea procedurii unei sedin\u021be de diagnoz\u0103\/tratament:<\/h2>\n\n\n\n<p>Pacientul nu are voie s\u0103 aplice crem\u0103 pe m\u00e2ini \u0219i s\u0103 nu aib\u0103 metale \u00een contact cu pielea, telefon mobil.<\/p>\n\n\n\n<p>Pentru&nbsp;<a href=\"http:\/\/www.terapiaultramed.ro\/?page_id=38\"><strong>testare&nbsp;<\/strong><\/a>pacientul este conectat la aparat, prin intermediul unui electrod special pe care trebuie sa \u00eel \u021bin\u0103 \u00eentr-o m\u00e2n\u0103, iar din cealalt\u0103 m\u00e2n\u0103 se vor face m\u0103sur\u0103torile, f\u0103r\u0103 a implica lezarea \u021besuturilor sau recoltarea de s\u00e2nge.<\/p>\n\n\n\n<p><a href=\"http:\/\/www.terapiaultramed.ro\/?page_id=133\"><strong>Terapia<\/strong><\/a> este f\u0103r\u0103 efecte secundare, nedureroas\u0103 \u0219i ne-invaziv\u0103. Pacientul va \u021bine \u00een fiecare m\u00e2n\u0103 c\u00e2te un electrod, a\u0219ez\u00e2nd picioarele pe o plac\u0103-electrod conectat\u0103 la aparat. Tratamentul se personalizeaz\u0103 \u00een func\u021bie de problemele existente \u0219i de energia fiec\u0103rui pacient.<\/p>\n\n\n\n<p>Pentru intensificarea efectului se folose\u0219te electrodul cu UV cu lumina albastr\u0103.<\/p>\n","protected":false},"excerpt":{"rendered":"<p>Aparatul Mora Nova, capteaz\u0103 oscila\u0163iile electromagnetice ale pacientului \u015fi le retransmite corpului uman, restabilind procesele fiziologice perturbate. Principiul func\u021bion\u0103rii: Descrierea procedurii unei sedin\u021be de diagnoz\u0103\/tratament: Pacientul nu are voie s\u0103 aplice crem\u0103 pe m\u00e2ini \u0219i s\u0103 nu aib\u0103 metale \u00een contact cu pielea, telefon mobil. Pentru&nbsp;testare&nbsp;pacientul este conectat la aparat, prin intermediul unui electrod special&hellip;<\/p>\n","protected":false},"author":1,"featured_media":86,"parent":0,"menu_order":2,"comment_status":"closed","ping_status":"closed","template":"","meta":{"footnotes":""},"class_list":["post-34","page","type-page","status-publish","has-post-thumbnail","hentry"],"_links":{"self":[{"href":"http:\/\/www.terapiaultramed.ro\/index.php?rest_route=\/wp\/v2\/pages\/34","targetHints":{"allow":["GET"]}}],"collection":[{"href":"http:\/\/www.terapiaultramed.ro\/index.php?rest_route=\/wp\/v2\/pages"}],"about":[{"href":"http:\/\/www.terapiaultramed.ro\/index.php?rest_route=\/wp\/v2\/types\/page"}],"author":[{"embeddable":true,"href":"http:\/\/www.terapiaultramed.ro\/index.php?rest_route=\/wp\/v2\/users\/1"}],"replies":[{"embeddable":true,"href":"http:\/\/www.terapiaultramed.ro\/index.php?rest_route=%2Fwp%2Fv2%2Fcomments&post=34"}],"version-history":[{"count":26,"href":"http:\/\/www.terapiaultramed.ro\/index.php?rest_route=\/wp\/v2\/pages\/34\/revisions"}],"predecessor-version":[{"id":352,"href":"http:\/\/www.terapiaultramed.ro\/index.php?rest_route=\/wp\/v2\/pages\/34\/revisions\/352"}],"wp:featuredmedia":[{"embeddable":true,"href":"http:\/\/www.terapiaultramed.ro\/index.php?rest_route=\/wp\/v2\/media\/86"}],"wp:attachment":[{"href":"http:\/\/www.terapiaultramed.ro\/index.php?rest_route=%2Fwp%2Fv2%2Fmedia&parent=34"}],"curies":[{"name":"wp","href":"https:\/\/api.w.org\/{rel}","templated":true}]}}