{"id":36,"date":"2015-02-20T20:49:27","date_gmt":"2015-02-20T18:49:27","guid":{"rendered":"http:\/\/www.terapiaultramed.ro\/?page_id=36"},"modified":"2020-04-01T20:11:02","modified_gmt":"2020-04-01T17:11:02","slug":"contraindicatii","status":"publish","type":"page","link":"http:\/\/www.terapiaultramed.ro\/?page_id=36","title":{"rendered":"Contraindica\u021bii"},"content":{"rendered":"\n<p>Singurele contraindica\u021bii se adreseaz\u0103 persoanelor cu pacemakers \u0219i femeilor \u00eens\u0103rcinate.<\/p>\n\n\n\n<p>M\u0103sur\u0103torile nu pot fi efectuate \u00een zone inflamate ale pielii sau r\u0103ni deschise.<\/p>\n\n\n\n<p>\u00cen cazul folosirii unor corticosteroizii sau antihistaminice (antialergice), este important ca persoana \u00een cauz\u0103 s\u0103 informeze specialistul care \u00eei face testarea, dac\u0103 folose\u0219te aceste medicamente sau dac\u0103 este sub un alt tip de tratament medicamentos, mai ales \u00een cazul test\u0103rii alergenilor.<\/p>\n","protected":false},"excerpt":{"rendered":"<p>Singurele contraindica\u021bii se adreseaz\u0103 persoanelor cu pacemakers \u0219i femeilor \u00eens\u0103rcinate. M\u0103sur\u0103torile nu pot fi efectuate \u00een zone inflamate ale pielii sau r\u0103ni deschise. \u00cen cazul folosirii unor corticosteroizii sau antihistaminice (antialergice), este important ca persoana \u00een cauz\u0103 s\u0103 informeze specialistul care \u00eei face testarea, dac\u0103 folose\u0219te aceste medicamente sau dac\u0103 este sub un alt tip&hellip;<\/p>\n","protected":false},"author":1,"featured_media":0,"parent":0,"menu_order":4,"comment_status":"closed","ping_status":"closed","template":"","meta":{"footnotes":""},"class_list":["post-36","page","type-page","status-publish","hentry"],"_links":{"self":[{"href":"http:\/\/www.terapiaultramed.ro\/index.php?rest_route=\/wp\/v2\/pages\/36","targetHints":{"allow":["GET"]}}],"collection":[{"href":"http:\/\/www.terapiaultramed.ro\/index.php?rest_route=\/wp\/v2\/pages"}],"about":[{"href":"http:\/\/www.terapiaultramed.ro\/index.php?rest_route=\/wp\/v2\/types\/page"}],"author":[{"embeddable":true,"href":"http:\/\/www.terapiaultramed.ro\/index.php?rest_route=\/wp\/v2\/users\/1"}],"replies":[{"embeddable":true,"href":"http:\/\/www.terapiaultramed.ro\/index.php?rest_route=%2Fwp%2Fv2%2Fcomments&post=36"}],"version-history":[{"count":7,"href":"http:\/\/www.terapiaultramed.ro\/index.php?rest_route=\/wp\/v2\/pages\/36\/revisions"}],"predecessor-version":[{"id":245,"href":"http:\/\/www.terapiaultramed.ro\/index.php?rest_route=\/wp\/v2\/pages\/36\/revisions\/245"}],"wp:attachment":[{"href":"http:\/\/www.terapiaultramed.ro\/index.php?rest_route=%2Fwp%2Fv2%2Fmedia&parent=36"}],"curies":[{"name":"wp","href":"https:\/\/api.w.org\/{rel}","templated":true}]}}